{"id":91,"date":"2025-10-07T09:52:26","date_gmt":"2025-10-07T09:52:26","guid":{"rendered":"https:\/\/www.crossdu11novembre-chartres.fr\/?page_id=91"},"modified":"2025-10-18T08:05:28","modified_gmt":"2025-10-18T08:05:28","slug":"trails","status":"publish","type":"page","link":"https:\/\/www.crossdu11novembre-chartres.fr\/index.php\/trails\/","title":{"rendered":"TRAILS"},"content":{"rendered":"\n<p><\/p>\n\n\n\n<p><strong><mark style=\"background-color:#00d084\" class=\"has-inline-color\">Deux trails sont propos\u00e9s en ouverture du Cross national du 11-novembre :<\/mark><\/strong><\/p>\n\n\n\n<p><\/p>\n\n\n\n<p><\/p>\n\n\n\n<p><mark style=\"background-color:rgba(0, 0, 0, 0);color:#00d084\" class=\"has-inline-color\">1. <strong>LE TRAIL DE SERESVILLE<\/strong><\/mark>, un parcours nature sur 20 km, \u00e0 travers les bois et les champs, empruntant pour l&rsquo;essentiel chemins, sentes et pistes cyclables, sur les communes de Champhol, L\u00e8ves, Saint-Prest et Mainvilliers. Le parcours est exigeant, avec quelques passages pentus ici ou l\u00e0, et permet de d\u00e9couvrir par l&rsquo;effort un beau cadre naturel !<\/p>\n\n\n\n<p><strong>Ravito <\/strong>au 8,5 km, solide et liquide.<\/p>\n\n\n\n<p><strong>D\u00e9part \u00e0 9h00<\/strong> sur le terrain stabilis\u00e9 du Stade Jacques-Couvret, Chartres. <\/p>\n\n\n\n<p><strong>Jus de pomme de la Jardinerie de Seresville<\/strong>, mill\u00e9isme 2025, offert \u00e0 tous les concurrents<\/p>\n\n\n\n<p><strong>R\u00e9compenses (lots) et podiums<\/strong> : 3 1<sup>ers<\/sup> H\/F au scratch ; 1<sup>er<\/sup> et 1<sup>\u00e8re<\/sup> Master A (regroupement Master 0 \u00e0 Master 2) ; 1<sup>er<\/sup> et 1<sup>\u00e8re<\/sup> Master B (regroupement Master 3 \u00e0 Master 5) ; 1<sup>er<\/sup> et 1<sup>\u00e8re<\/sup> Master C (regroupement Master 6 \u00e0 Master 10) (sans cumul)<\/p>\n\n\n\n<p><strong>Course ouverte aux comp\u00e9titeurs handisport<\/strong><\/p>\n\n\n\n<figure class=\"wp-block-image aligncenter size-large is-resized\"><img loading=\"lazy\" decoding=\"async\" width=\"1024\" height=\"637\" src=\"https:\/\/www.crossdu11novembre-chartres.fr\/wp-content\/uploads\/2025\/10\/parcours_trail_20km_2025-1024x637.jpg\" alt=\"\" class=\"wp-image-94\" style=\"width:704px;height:auto\" srcset=\"https:\/\/www.crossdu11novembre-chartres.fr\/wp-content\/uploads\/2025\/10\/parcours_trail_20km_2025-1024x637.jpg 1024w, https:\/\/www.crossdu11novembre-chartres.fr\/wp-content\/uploads\/2025\/10\/parcours_trail_20km_2025-300x187.jpg 300w, https:\/\/www.crossdu11novembre-chartres.fr\/wp-content\/uploads\/2025\/10\/parcours_trail_20km_2025-768x478.jpg 768w, https:\/\/www.crossdu11novembre-chartres.fr\/wp-content\/uploads\/2025\/10\/parcours_trail_20km_2025-1536x955.jpg 1536w, https:\/\/www.crossdu11novembre-chartres.fr\/wp-content\/uploads\/2025\/10\/parcours_trail_20km_2025-2048x1274.jpg 2048w\" sizes=\"auto, (max-width: 1024px) 100vw, 1024px\" \/><figcaption class=\"wp-element-caption\">Parcours du Trail de Seresville, 11 novembre 2025. <br>Susceptible d&rsquo;\u00eatre modifi\u00e9 d&rsquo;ici la date de la comp\u00e9tition.<\/figcaption><\/figure>\n\n\n\n<div class=\"wp-block-buttons is-layout-flex wp-block-buttons-is-layout-flex\">\n<div class=\"wp-block-button\"><a class=\"wp-block-button__link wp-element-button\" href=\"https:\/\/www.protiming.fr\/runnings\/register\/7563\/19876\">S&rsquo;INSCRIRE<\/a><\/div>\n<\/div>\n\n\n\n<p><\/p>\n\n\n\n<p><strong><mark style=\"background-color:rgba(0, 0, 0, 0);color:#00d084\" class=\"has-inline-color\">LE SPEED TRAIL DE LEVES<\/mark><\/strong>, un parcours nature sur 11,5 km, \u00e0 travers les bois et les champs, empruntant pour l&rsquo;essentiel chemins, sentes et pistes cyclables, sur les communes de Champhol, L\u00e8ves et Saint-Prest. Le parcours est exigeant et rapide, avec quelques passages plus techniques !<\/p>\n\n\n\n<p><strong>Ravito <\/strong>au km 6,5, solide et liquide.<\/p>\n\n\n\n<p><strong>D\u00e9part \u00e0 9h00<\/strong> sur le terrain stabilis\u00e9 du Stade Jacques-Couvret, Chartres. <\/p>\n\n\n\n<p><strong>Jus de pomme de la Jardinerie de Seresville<\/strong>, mill\u00e9isme 2025, offert \u00e0 tous les concurrents<\/p>\n\n\n\n<p><strong>R\u00e9compenses (lots) et podiums (offerts par la Municipalit\u00e9 de L\u00e8ves)<\/strong> : 3 1<sup>ers<\/sup> H &amp; F au scratch ; 1<sup>er<\/sup> et 1<sup>\u00e8re<\/sup> Master A (regroupement Master 0 \u00e0 Master 2) ; 1<sup>er<\/sup> et 1<sup>\u00e8re<\/sup> Master B (regroupement Master 3 \u00e0 Master 5) ; 1<sup>er<\/sup> et 1<sup>\u00e8re<\/sup> Master C (regroupement Master 6 \u00e0 Master 10) (sans cumul)<\/p>\n\n\n\n<p><strong>Course ouverte aux comp\u00e9titeurs handisport<\/strong><\/p>\n\n\n\n<figure class=\"wp-block-image aligncenter size-large is-resized\"><img loading=\"lazy\" decoding=\"async\" width=\"806\" height=\"1024\" src=\"https:\/\/www.crossdu11novembre-chartres.fr\/wp-content\/uploads\/2025\/10\/parcours_speedtrail2025-806x1024.jpg\" alt=\"\" class=\"wp-image-152\" style=\"width:689px;height:auto\" srcset=\"https:\/\/www.crossdu11novembre-chartres.fr\/wp-content\/uploads\/2025\/10\/parcours_speedtrail2025-806x1024.jpg 806w, https:\/\/www.crossdu11novembre-chartres.fr\/wp-content\/uploads\/2025\/10\/parcours_speedtrail2025-236x300.jpg 236w, https:\/\/www.crossdu11novembre-chartres.fr\/wp-content\/uploads\/2025\/10\/parcours_speedtrail2025-768x975.jpg 768w, https:\/\/www.crossdu11novembre-chartres.fr\/wp-content\/uploads\/2025\/10\/parcours_speedtrail2025-1209x1536.jpg 1209w, https:\/\/www.crossdu11novembre-chartres.fr\/wp-content\/uploads\/2025\/10\/parcours_speedtrail2025-1612x2048.jpg 1612w, https:\/\/www.crossdu11novembre-chartres.fr\/wp-content\/uploads\/2025\/10\/parcours_speedtrail2025.jpg 1936w\" sizes=\"auto, (max-width: 806px) 100vw, 806px\" \/><figcaption class=\"wp-element-caption\">Parcours du Speed Trail de L\u00e8ves (11,5 km), 11 novembre 2025. <br>Susceptible d&rsquo;\u00eatre modifi\u00e9 d&rsquo;ici la date de la comp\u00e9tition<\/figcaption><\/figure>\n\n\n\n<p><\/p>\n\n\n\n<div class=\"wp-block-buttons is-layout-flex wp-block-buttons-is-layout-flex\">\n<div class=\"wp-block-button\"><a class=\"wp-block-button__link wp-element-button\" href=\"https:\/\/www.protiming.fr\/runnings\/register\/7563\/19877\">S&rsquo;INSCRIRE<\/a><\/div>\n<\/div>\n\n\n\n<p><\/p>\n\n\n\n<p><\/p>\n\n\n\n<p><\/p>\n\n\n\n<p><\/p>\n\n\n\n<p><\/p>\n\n\n\n<p><\/p>\n\n\n\n<p><\/p>\n\n\n\n<p><\/p>\n\n\n\n<p><\/p>\n\n\n\n<p><\/p>\n","protected":false},"excerpt":{"rendered":"<p>Deux trails sont propos\u00e9s en ouverture du Cross national du 11-novembre : 1. LE TRAIL DE SERESVILLE, un parcours nature sur 20 km, \u00e0 travers les bois et les champs, empruntant pour l&rsquo;essentiel chemins, sentes et pistes cyclables, sur les communes de Champhol, L\u00e8ves, Saint-Prest et Mainvilliers. Le parcours est exigeant, avec quelques passages pentus [&hellip;]<\/p>\n","protected":false},"author":1,"featured_media":0,"parent":0,"menu_order":0,"comment_status":"closed","ping_status":"closed","template":"","meta":{"footnotes":""},"class_list":["post-91","page","type-page","status-publish","hentry"],"_links":{"self":[{"href":"https:\/\/www.crossdu11novembre-chartres.fr\/index.php\/wp-json\/wp\/v2\/pages\/91","targetHints":{"allow":["GET"]}}],"collection":[{"href":"https:\/\/www.crossdu11novembre-chartres.fr\/index.php\/wp-json\/wp\/v2\/pages"}],"about":[{"href":"https:\/\/www.crossdu11novembre-chartres.fr\/index.php\/wp-json\/wp\/v2\/types\/page"}],"author":[{"embeddable":true,"href":"https:\/\/www.crossdu11novembre-chartres.fr\/index.php\/wp-json\/wp\/v2\/users\/1"}],"replies":[{"embeddable":true,"href":"https:\/\/www.crossdu11novembre-chartres.fr\/index.php\/wp-json\/wp\/v2\/comments?post=91"}],"version-history":[{"count":9,"href":"https:\/\/www.crossdu11novembre-chartres.fr\/index.php\/wp-json\/wp\/v2\/pages\/91\/revisions"}],"predecessor-version":[{"id":171,"href":"https:\/\/www.crossdu11novembre-chartres.fr\/index.php\/wp-json\/wp\/v2\/pages\/91\/revisions\/171"}],"wp:attachment":[{"href":"https:\/\/www.crossdu11novembre-chartres.fr\/index.php\/wp-json\/wp\/v2\/media?parent=91"}],"curies":[{"name":"wp","href":"https:\/\/api.w.org\/{rel}","templated":true}]}}