{"id":156,"date":"2025-10-18T07:40:10","date_gmt":"2025-10-18T07:40:10","guid":{"rendered":"https:\/\/www.crossdu11novembre-chartres.fr\/?page_id=156"},"modified":"2025-10-18T08:04:35","modified_gmt":"2025-10-18T08:04:35","slug":"marchenordique","status":"publish","type":"page","link":"https:\/\/www.crossdu11novembre-chartres.fr\/index.php\/marchenordique\/","title":{"rendered":"MARCHE NORDIQUE DES VITRAUX"},"content":{"rendered":"\n<p><\/p>\n\n\n\n<p><strong>Une \u00e9preuve de marche nordique ouvre la journ\u00e9e du Cross national du 11-Novembre : la Marche nordique des vitraux, en hommage \u00e0 la Cath\u00e9drale de Chartres ! <\/strong><\/p>\n\n\n\n<p><\/p>\n\n\n\n<figure class=\"wp-block-image aligncenter size-large is-resized\"><img loading=\"lazy\" decoding=\"async\" width=\"1024\" height=\"682\" src=\"http:\/\/www.crossdu11novembre-chartres.fr\/wp-content\/uploads\/2025\/10\/Logo-MNDV-ecran-1024x682.jpg\" alt=\"\" class=\"wp-image-161\" style=\"width:331px;height:auto\" srcset=\"https:\/\/www.crossdu11novembre-chartres.fr\/wp-content\/uploads\/2025\/10\/Logo-MNDV-ecran-1024x682.jpg 1024w, https:\/\/www.crossdu11novembre-chartres.fr\/wp-content\/uploads\/2025\/10\/Logo-MNDV-ecran-300x200.jpg 300w, https:\/\/www.crossdu11novembre-chartres.fr\/wp-content\/uploads\/2025\/10\/Logo-MNDV-ecran-768x511.jpg 768w, https:\/\/www.crossdu11novembre-chartres.fr\/wp-content\/uploads\/2025\/10\/Logo-MNDV-ecran-1536x1023.jpg 1536w, https:\/\/www.crossdu11novembre-chartres.fr\/wp-content\/uploads\/2025\/10\/Logo-MNDV-ecran.jpg 2027w\" sizes=\"auto, (max-width: 1024px) 100vw, 1024px\" \/><\/figure>\n\n\n\n<p><\/p>\n\n\n\n<p>un parcours nature sur 11,5 km, \u00e0 travers les bois et les champs, empruntant pour l&rsquo;essentiel chemins, sentes et pistes cyclables, sur les communes de Champhol, L\u00e8ves et Saint-Prest. Le parcours est exigeant, avec quelques passages plus techniques !<\/p>\n\n\n\n<p><\/p>\n\n\n\n<p><strong>Ravito <\/strong>au km 6,5, solide et liquide.<\/p>\n\n\n\n<p><strong>D\u00e9part \u00e0 9h00<\/strong> sur le terrain stabilis\u00e9 du Stade Jacques-Couvret, Chartres. <\/p>\n\n\n\n<p><strong>Jus de pomme de la Jardinerie de Seresville<\/strong>, mill\u00e9isme 2025, offert \u00e0 tous les concurrents<\/p>\n\n\n\n<p><strong>R\u00e9compenses (lots) et podiums (offerts par la Municipalit\u00e9 de L\u00e8ves)<\/strong> : 3 1<sup>ers<\/sup> H &amp; F au scratch ; 1<sup>er<\/sup> et 1<sup>\u00e8re<\/sup> Master A (regroupement Master 0 \u00e0 Master 2) ; 1<sup>er<\/sup> et 1<sup>\u00e8re<\/sup> Master B (regroupement Master 3 \u00e0 Master 5) ; 1<sup>er<\/sup> et 1<sup>\u00e8re<\/sup> Master C (regroupement Master 6 \u00e0 Master 10) (sans cumul)<\/p>\n\n\n\n<p>Deux juges marche nordique seront sur le parcours pour veiller \u00e0 son bon d\u00e9roul\u00e9, dans une optique de correction des anomalies constat\u00e9es<\/p>\n\n\n\n<p><strong>Course ouverte aux comp\u00e9titeurs handisport<\/strong><\/p>\n\n\n\n<figure class=\"wp-block-image aligncenter size-large is-resized\"><img loading=\"lazy\" decoding=\"async\" width=\"806\" height=\"1024\" src=\"https:\/\/www.crossdu11novembre-chartres.fr\/wp-content\/uploads\/2025\/10\/parcours_speedtrail2025-1-806x1024.jpg\" alt=\"\" class=\"wp-image-158\" style=\"width:605px;height:auto\" srcset=\"https:\/\/www.crossdu11novembre-chartres.fr\/wp-content\/uploads\/2025\/10\/parcours_speedtrail2025-1-806x1024.jpg 806w, https:\/\/www.crossdu11novembre-chartres.fr\/wp-content\/uploads\/2025\/10\/parcours_speedtrail2025-1-236x300.jpg 236w, https:\/\/www.crossdu11novembre-chartres.fr\/wp-content\/uploads\/2025\/10\/parcours_speedtrail2025-1-768x975.jpg 768w, https:\/\/www.crossdu11novembre-chartres.fr\/wp-content\/uploads\/2025\/10\/parcours_speedtrail2025-1-1209x1536.jpg 1209w, https:\/\/www.crossdu11novembre-chartres.fr\/wp-content\/uploads\/2025\/10\/parcours_speedtrail2025-1-1612x2048.jpg 1612w, https:\/\/www.crossdu11novembre-chartres.fr\/wp-content\/uploads\/2025\/10\/parcours_speedtrail2025-1.jpg 1936w\" sizes=\"auto, (max-width: 806px) 100vw, 806px\" \/><figcaption class=\"wp-element-caption\">Parcours de la Marche nordique des vitraux (11,5km). D\u00e9part 9h05.<br>Le parcours est susceptible d&rsquo;\u00eatre modifi\u00e9 d&rsquo;ici la date de la comp\u00e9tition.<\/figcaption><\/figure>\n\n\n\n<div class=\"wp-block-buttons is-layout-flex wp-block-buttons-is-layout-flex\">\n<div class=\"wp-block-button\"><a class=\"wp-block-button__link wp-element-button\" href=\"https:\/\/www.protiming.fr\/runnings\/register\/7563\/19878\">INSCRIPTION<\/a><\/div>\n<\/div>\n\n\n\n<p>   <\/p>\n\n\n\n<p><\/p>\n","protected":false},"excerpt":{"rendered":"<p>Une \u00e9preuve de marche nordique ouvre la journ\u00e9e du Cross national du 11-Novembre : la Marche nordique des vitraux, en hommage \u00e0 la Cath\u00e9drale de Chartres ! un parcours nature sur 11,5 km, \u00e0 travers les bois et les champs, empruntant pour l&rsquo;essentiel chemins, sentes et pistes cyclables, sur les communes de Champhol, L\u00e8ves et [&hellip;]<\/p>\n","protected":false},"author":1,"featured_media":0,"parent":0,"menu_order":0,"comment_status":"closed","ping_status":"closed","template":"","meta":{"footnotes":""},"class_list":["post-156","page","type-page","status-publish","hentry"],"_links":{"self":[{"href":"https:\/\/www.crossdu11novembre-chartres.fr\/index.php\/wp-json\/wp\/v2\/pages\/156","targetHints":{"allow":["GET"]}}],"collection":[{"href":"https:\/\/www.crossdu11novembre-chartres.fr\/index.php\/wp-json\/wp\/v2\/pages"}],"about":[{"href":"https:\/\/www.crossdu11novembre-chartres.fr\/index.php\/wp-json\/wp\/v2\/types\/page"}],"author":[{"embeddable":true,"href":"https:\/\/www.crossdu11novembre-chartres.fr\/index.php\/wp-json\/wp\/v2\/users\/1"}],"replies":[{"embeddable":true,"href":"https:\/\/www.crossdu11novembre-chartres.fr\/index.php\/wp-json\/wp\/v2\/comments?post=156"}],"version-history":[{"count":8,"href":"https:\/\/www.crossdu11novembre-chartres.fr\/index.php\/wp-json\/wp\/v2\/pages\/156\/revisions"}],"predecessor-version":[{"id":169,"href":"https:\/\/www.crossdu11novembre-chartres.fr\/index.php\/wp-json\/wp\/v2\/pages\/156\/revisions\/169"}],"wp:attachment":[{"href":"https:\/\/www.crossdu11novembre-chartres.fr\/index.php\/wp-json\/wp\/v2\/media?parent=156"}],"curies":[{"name":"wp","href":"https:\/\/api.w.org\/{rel}","templated":true}]}}