{"id":102,"date":"2025-10-07T15:57:24","date_gmt":"2025-10-07T15:57:24","guid":{"rendered":"https:\/\/www.crossdu11novembre-chartres.fr\/?page_id=102"},"modified":"2025-10-13T07:42:15","modified_gmt":"2025-10-13T07:42:15","slug":"cross","status":"publish","type":"page","link":"https:\/\/www.crossdu11novembre-chartres.fr\/index.php\/cross\/","title":{"rendered":"Cross"},"content":{"rendered":"\n<p><\/p>\n\n\n\n<p><strong>LE CROSS NATIONAL DU 11-NOVEMBRE <\/strong><\/p>\n\n\n\n<p>Le cross est labellis\u00e9 FFA argent. <\/p>\n\n\n\n<p>Les courses du cross ont toutes le m\u00eame d\u00e9part, dans l&rsquo;enceinte du stade Jacques-Couvret. <\/p>\n\n\n\n<p>La longueur et le nombre de boucles \u00e0 effectuer varient selon les cat\u00e9gories et le type de cross (cross long ou court). Seule la grande boucle conduit les athl\u00e8tes dans le bois du Rigeard.<\/p>\n\n\n\n<p><strong>Nouveaut\u00e9 2025<\/strong> : en raison de la requalification r\u00e9cente du parc du RIgeard en conservatoire de la biodiversit\u00e9, et pour respecter la progressivit\u00e9 des cross sur la saison, la grande boucle se limitera \u00e0 un \u00ab\u00a0demi-Rigeard\u00a0\u00bb, att\u00e9nuant ainsi le d\u00e9nivel\u00e9 propos\u00e9 habituellement aux athl\u00e8tes. Le parcours a \u00e9t\u00e9 prolong\u00e9 sur les moyennes et grandes boucles par un passage tr\u00e8s photog\u00e9nique sous le viaduc ! <\/p>\n\n\n\n<p><strong>Tarifs<\/strong> : Les courses sont gratuites pour les cat\u00e9gories jeunes, d&rsquo;Eveils \u00e0 Minimes. Les inscriptions sont payantes pour les cat\u00e9gories sup\u00e9rieures, \u00e0 raison de 7 euros par personne, diminu\u00e9 de 2 euros pour les licenci\u00e9s FFA. Les inscriptions club se font via Protiming, avec un paiement sur la plateforme ou par ch\u00e8que le jour de la comp\u00e9tition, aupr\u00e8s de l&rsquo;organisateur.  <\/p>\n\n\n\n<p><strong>Primes et dotations <\/strong>: seul le cross long est prim\u00e9 (voir ci-dessous). Les autres courses r\u00e9compensent les trois premiers H &amp; F de chaque cat\u00e9gorie, les masters \u00e9tant regroup\u00e9s en trois cat\u00e9gories : Master A (MA0 \u00e0 MA3), Master B (MA4 \u00e0 MA6), Master C. Chaque coureur se voit remettre un cadeau \u00e0 son arriv\u00e9e.<\/p>\n\n\n\n<p>En cas de contr\u00f4le anti-dopage le jour de l\u2019\u00e9preuve, les prix seront remis aux athl\u00e8tes concern\u00e9s lorsque les r\u00e9sultats dudit contr\u00f4le seront connus des organisateurs. <\/p>\n\n\n\n<p>Tout litige sera imm\u00e9diatement tranch\u00e9 par le juge arbitre d\u00e9sign\u00e9 par la Ligue. Toute r\u00e9clamation devra \u00eatre pos\u00e9e aupr\u00e8s du juge arbitre au maximum 30 minutes apr\u00e8s la publication des r\u00e9sultats.<\/p>\n\n\n\n<p><\/p>\n\n\n\n<p><strong>TABLEAU DES PRIMES (CROSS LONG), FEMMES ET HOMMES<\/strong><\/p>\n\n\n\n<figure class=\"wp-block-table is-style-stripes\"><table class=\"has-fixed-layout\"><tbody><tr><td>1er <\/td><td>400 euros<\/td><\/tr><tr><td>2e <\/td><td>300 euros<\/td><\/tr><tr><td>3e <\/td><td>200 euros<\/td><\/tr><tr><td>4e<\/td><td>100 euros<\/td><\/tr><tr><td>5e <\/td><td>50 euros<\/td><\/tr><tr><td>1er Eur\u00e9lien (non cumulatif)<\/td><td>+ 100 euros<\/td><\/tr><\/tbody><\/table><\/figure>\n\n\n\n<p><\/p>\n\n\n\n<p><strong>PARCOURS ET BOUCLES<\/strong><\/p>\n\n\n\n<p><\/p>\n\n\n\n<figure class=\"wp-block-table is-style-stripes\"><table class=\"has-fixed-layout\" style=\"border-width:28px\"><tbody><tr><td><strong>Petite boucle <\/strong>(jaune)<\/td><td>ABDFA<\/td><td>920 m<\/td><\/tr><tr><td><strong>Moyenne boucle<\/strong> (jaune + bleu)<\/td><td>ABCDFA<\/td><td>1330 m<\/td><\/tr><tr><td><strong>Grande boucle<\/strong> (jaune + bleu + violet)<\/td><td>ABCDEFA<\/td><td>1920 m<\/td><\/tr><\/tbody><\/table><\/figure>\n\n\n\n<p><\/p>\n\n\n\n<figure class=\"wp-block-image size-large is-resized\" style=\"margin-top:var(--wp--preset--spacing--10);margin-bottom:var(--wp--preset--spacing--10)\"><img loading=\"lazy\" decoding=\"async\" width=\"684\" height=\"1024\" src=\"https:\/\/www.crossdu11novembre-chartres.fr\/wp-content\/uploads\/2025\/10\/parcours_cross2025_Chartres_light-684x1024.jpg\" alt=\"\" class=\"wp-image-104\" style=\"width:518px;height:auto\" srcset=\"https:\/\/www.crossdu11novembre-chartres.fr\/wp-content\/uploads\/2025\/10\/parcours_cross2025_Chartres_light-684x1024.jpg 684w, https:\/\/www.crossdu11novembre-chartres.fr\/wp-content\/uploads\/2025\/10\/parcours_cross2025_Chartres_light-200x300.jpg 200w, https:\/\/www.crossdu11novembre-chartres.fr\/wp-content\/uploads\/2025\/10\/parcours_cross2025_Chartres_light-768x1150.jpg 768w, https:\/\/www.crossdu11novembre-chartres.fr\/wp-content\/uploads\/2025\/10\/parcours_cross2025_Chartres_light.jpg 945w\" sizes=\"auto, (max-width: 684px) 100vw, 684px\" \/><\/figure>\n\n\n\n<p><\/p>\n\n\n\n<p><\/p>\n\n\n\n<figure class=\"wp-block-table is-style-stripes\"><table class=\"has-fixed-layout\"><tbody><tr><td>Course scolaire CP\/CE1\/CE2<\/td><td>12h00<\/td><td>&nbsp;920 m<\/td><td>1 P&nbsp;<\/td><\/tr><tr><td>Course scolaire CM1\/CM2<\/td><td>12h15<\/td><td>&nbsp;1330 m<\/td><td>1 M&nbsp;<\/td><\/tr><tr><td>Eveils Athl\u00e9<\/td><td>12h30<\/td><td>&nbsp;<\/td><td>&nbsp;<\/td><\/tr><tr><td>Poussins &#8211; Poussines<\/td><td>12h45<\/td><td>&nbsp;1330 m<\/td><td>&nbsp;1 M<\/td><\/tr><tr><td>Benjamines<\/td><td>13h00<\/td><td>&nbsp;2250 m<\/td><td>&nbsp;1P, 1 M<\/td><\/tr><tr><td>Benjamins<\/td><td>13h20<\/td><td>&nbsp;2660 m<\/td><td>&nbsp;2M<\/td><\/tr><tr><td>Minimes filles<\/td><td>13h40<\/td><td>&nbsp;3170 m<\/td><td>&nbsp;2P, 1M<\/td><\/tr><tr><td>Minimes gar\u00e7ons \u2013 Cadettes<\/td><td>14h00<\/td><td>&nbsp;3760 m<\/td><td>&nbsp;2P, 1G<\/td><\/tr><tr><td>Cross long Femmes \u2013 Juniors Hommes<\/td><td>14h30<\/td><td>&nbsp;6090 m<\/td><td>\u00a01P, 1 M, 2G<\/td><\/tr><tr><td>Cross long Hommes<\/td><td>15h10<\/td><td>&nbsp;8600 m<\/td><td>&nbsp;1P, 4G<\/td><\/tr><tr><td>Cross court mixte &#8211; Juniors filles  \u2013 Cadets<\/td><td>15h55<\/td><td>&nbsp;4170 m<\/td><td>&nbsp;1P, 1M, 1G<\/td><\/tr><\/tbody><\/table><\/figure>\n\n\n\n<p><\/p>\n\n\n\n<p><\/p>\n","protected":false},"excerpt":{"rendered":"<p>LE CROSS NATIONAL DU 11-NOVEMBRE Le cross est labellis\u00e9 FFA argent. Les courses du cross ont toutes le m\u00eame d\u00e9part, dans l&rsquo;enceinte du stade Jacques-Couvret. La longueur et le nombre de boucles \u00e0 effectuer varient selon les cat\u00e9gories et le type de cross (cross long ou court). Seule la grande boucle conduit les athl\u00e8tes dans [&hellip;]<\/p>\n","protected":false},"author":1,"featured_media":0,"parent":0,"menu_order":0,"comment_status":"closed","ping_status":"closed","template":"","meta":{"footnotes":""},"class_list":["post-102","page","type-page","status-publish","hentry"],"_links":{"self":[{"href":"https:\/\/www.crossdu11novembre-chartres.fr\/index.php\/wp-json\/wp\/v2\/pages\/102","targetHints":{"allow":["GET"]}}],"collection":[{"href":"https:\/\/www.crossdu11novembre-chartres.fr\/index.php\/wp-json\/wp\/v2\/pages"}],"about":[{"href":"https:\/\/www.crossdu11novembre-chartres.fr\/index.php\/wp-json\/wp\/v2\/types\/page"}],"author":[{"embeddable":true,"href":"https:\/\/www.crossdu11novembre-chartres.fr\/index.php\/wp-json\/wp\/v2\/users\/1"}],"replies":[{"embeddable":true,"href":"https:\/\/www.crossdu11novembre-chartres.fr\/index.php\/wp-json\/wp\/v2\/comments?post=102"}],"version-history":[{"count":11,"href":"https:\/\/www.crossdu11novembre-chartres.fr\/index.php\/wp-json\/wp\/v2\/pages\/102\/revisions"}],"predecessor-version":[{"id":151,"href":"https:\/\/www.crossdu11novembre-chartres.fr\/index.php\/wp-json\/wp\/v2\/pages\/102\/revisions\/151"}],"wp:attachment":[{"href":"https:\/\/www.crossdu11novembre-chartres.fr\/index.php\/wp-json\/wp\/v2\/media?parent=102"}],"curies":[{"name":"wp","href":"https:\/\/api.w.org\/{rel}","templated":true}]}}